{"id":7,"date":"2025-11-16T11:21:03","date_gmt":"2025-11-16T11:21:03","guid":{"rendered":"https:\/\/physio-lohf.de\/?page_id=7"},"modified":"2026-01-31T10:28:22","modified_gmt":"2026-01-31T09:28:22","slug":"startseite","status":"publish","type":"page","link":"https:\/\/physio-lohf.de\/","title":{"rendered":"Startseite"},"content":{"rendered":"\n<p><strong>Herzlich Willkommen<\/strong>,<\/p>\n\n\n\n<p>unsere Website befindet sich noch im Aufbau, solange m\u00f6chten wir Ihnen hier bereits die wichtigsten Informationen zur Verf\u00fcgung stellen.<\/p>\n\n\n\n<p>Seit \u00fcber 26 Jahren steht unsere Physiotherapiepraxis im Herzen von Halberstadt f\u00fcr Kompetenz, Kontinuit\u00e4t und pers\u00f6nliche Betreuung. <br>Gegr\u00fcndet und \u00fcber viele Jahre erfolgreich gef\u00fchrt von Volker Strohmeyer, hat sich die Praxis einen sehr guten Ruf und das Vertrauen zahlreicher Patientinnen und Patienten erarbeitet. Auf diesem bew\u00e4hrten Fundament durften wir in all den Jahren viele Menschen auf ihrem Weg zu mehr Beweglichkeit, Schmerzfreiheit und Lebensqualit\u00e4t begleiten.<\/p>\n\n\n\n<p>Ich selbst bin seit 23 Jahren Teil dieser Praxis und habe sie nun \u00fcbernommen \u2013 mit gro\u00dfem Respekt vor dem Gewachsenen und mit dem klaren Ziel, die bew\u00e4hrte Qualit\u00e4t und den vertrauten Umgang weiterzuf\u00fchren. Unsere Praxis zeichnet sich durch Erfahrung, ein eingespieltes Team und eine famili\u00e4re Atmosph\u00e4re aus. Viele unserer Patientinnen und Patienten begleiten uns seit vielen Jahren \u2013 ein Vertrauen, das wir sehr sch\u00e4tzen.<br>Tradition und moderne Physiotherapie schlie\u00dfen sich f\u00fcr uns nicht aus: Wir verbinden bew\u00e4hrte Behandlungsmethoden mit aktuellen Erkenntnissen, um Ihnen eine individuelle und nachhaltige Therapie zu bieten.<\/p>\n\n\n\n<p>Wir freuen uns darauf, Sie pers\u00f6nlich kennenzulernen und auf Ihrem Weg zu mehr Gesundheit zu begleiten.<\/p>\n\n\n<style>.kb-row-layout-id7_f36c77-7f > .kt-row-column-wrap{align-content:start;}:where(.kb-row-layout-id7_f36c77-7f > .kt-row-column-wrap) > .wp-block-kadence-column{justify-content:start;}.kb-row-layout-id7_f36c77-7f > .kt-row-column-wrap{column-gap:var(--global-kb-gap-md, 2rem);row-gap:var(--global-kb-gap-md, 2rem);padding-top:var(--global-kb-spacing-sm, 1.5rem);padding-bottom:var(--global-kb-spacing-sm, 1.5rem);grid-template-columns:repeat(2, minmax(0, 1fr));}.kb-row-layout-id7_f36c77-7f > .kt-row-layout-overlay{opacity:0.30;}@media all and (max-width: 1024px){.kb-row-layout-id7_f36c77-7f > .kt-row-column-wrap{grid-template-columns:repeat(2, minmax(0, 1fr));}}@media all and (max-width: 767px){.kb-row-layout-id7_f36c77-7f > .kt-row-column-wrap{grid-template-columns:minmax(0, 1fr);}}<\/style><div class=\"kb-row-layout-wrap kb-row-layout-id7_f36c77-7f alignnone wp-block-kadence-rowlayout\"><div class=\"kt-row-column-wrap kt-has-2-columns kt-row-layout-equal kt-tab-layout-inherit kt-mobile-layout-row kt-row-valign-top\">\n<style>.kadence-column7_297cfe-cf > .kt-inside-inner-col,.kadence-column7_297cfe-cf > .kt-inside-inner-col:before{border-top-left-radius:0px;border-top-right-radius:0px;border-bottom-right-radius:0px;border-bottom-left-radius:0px;}.kadence-column7_297cfe-cf > .kt-inside-inner-col{column-gap:var(--global-kb-gap-sm, 1rem);}.kadence-column7_297cfe-cf > .kt-inside-inner-col{flex-direction:column;}.kadence-column7_297cfe-cf > .kt-inside-inner-col > .aligncenter{width:100%;}.kadence-column7_297cfe-cf > .kt-inside-inner-col:before{opacity:0.3;}.kadence-column7_297cfe-cf{position:relative;}@media all and (max-width: 1024px){.kadence-column7_297cfe-cf > .kt-inside-inner-col{flex-direction:column;justify-content:center;}}@media all and (max-width: 767px){.kadence-column7_297cfe-cf > .kt-inside-inner-col{flex-direction:column;justify-content:center;}}<\/style>\n<div class=\"wp-block-kadence-column kadence-column7_297cfe-cf\"><div class=\"kt-inside-inner-col\">\n<p><strong>Leistungen<\/strong><br>Wir bieten Ihnen alle g\u00e4ngigen physiotherapeutischen Leistungen sowohl als Privatleistung als auch als Kassenleistung an. Zus\u00e4tzlich finden Sie bei uns etliche Zusatzqualifikationen darunter Manuelle Therapie, Lymphdrainage oder Ger\u00e4tegest\u00fctzte Krankengymnastik.<br><br>Wir bieten auch Hausbesuche an.<\/p>\n\n\n\n<p><strong>Barrierefreiheit<\/strong><br>Die Praxis befindet sich im Erdgeschoss und ist Rollstuhlgerecht.<\/p>\n\n\n\n<p><strong>Terminanfragen<\/strong><br>F\u00fcr Terminanfragen schauen Sie doch gerne in der Praxis vorbei, alternativ erreichen Sie uns telefonisch oder Sie schreiben uns eine E-Mail.<\/p>\n\n\n\n<p><strong>Kontakt &amp; Anschrift<\/strong><br>Physiotherapie Kerstin Lohf<br>Heinrich-Julius-Str. 16<br>38820 Halberstadt<br>Tel.: 03941- 44 11 50<br>Mail: info@physio-lohf.de<\/p>\n<\/div><\/div>\n\n\n<style>.kadence-column7_e7cb26-13 > .kt-inside-inner-col,.kadence-column7_e7cb26-13 > .kt-inside-inner-col:before{border-top-left-radius:0px;border-top-right-radius:0px;border-bottom-right-radius:0px;border-bottom-left-radius:0px;}.kadence-column7_e7cb26-13 > .kt-inside-inner-col{column-gap:var(--global-kb-gap-sm, 1rem);}.kadence-column7_e7cb26-13 > .kt-inside-inner-col{flex-direction:column;}.kadence-column7_e7cb26-13 > .kt-inside-inner-col > .aligncenter{width:100%;}.kadence-column7_e7cb26-13 > .kt-inside-inner-col:before{opacity:0.3;}.kadence-column7_e7cb26-13{position:relative;}@media all and (max-width: 1024px){.kadence-column7_e7cb26-13 > .kt-inside-inner-col{flex-direction:column;justify-content:center;}}@media all and (max-width: 767px){.kadence-column7_e7cb26-13 > .kt-inside-inner-col{flex-direction:column;justify-content:center;}}<\/style>\n<div class=\"wp-block-kadence-column kadence-column7_e7cb26-13\"><div class=\"kt-inside-inner-col\">\n<figure class=\"wp-block-image size-large\"><img loading=\"lazy\" decoding=\"async\" width=\"1024\" height=\"812\" src=\"https:\/\/physio-lohf.de\/wp-content\/uploads\/2026\/01\/IMG_E3109-B-1024x812.jpg\" alt=\"Au\u00dfenansicht Physiotherapie Lohf\" class=\"wp-image-29\" srcset=\"https:\/\/physio-lohf.de\/wp-content\/uploads\/2026\/01\/IMG_E3109-B-1024x812.jpg 1024w, https:\/\/physio-lohf.de\/wp-content\/uploads\/2026\/01\/IMG_E3109-B-300x238.jpg 300w, https:\/\/physio-lohf.de\/wp-content\/uploads\/2026\/01\/IMG_E3109-B-768x609.jpg 768w, https:\/\/physio-lohf.de\/wp-content\/uploads\/2026\/01\/IMG_E3109-B-1536x1218.jpg 1536w, https:\/\/physio-lohf.de\/wp-content\/uploads\/2026\/01\/IMG_E3109-B-2048x1624.jpg 2048w\" sizes=\"auto, (max-width: 1024px) 100vw, 1024px\" \/><\/figure>\n<\/div><\/div>\n\n<\/div><\/div>\n\n\n<p><\/p>\n\n\n\n<p><\/p>\n","protected":false},"excerpt":{"rendered":"<p>Herzlich Willkommen, unsere Website befindet sich noch im Aufbau, solange m\u00f6chten wir Ihnen hier bereits die wichtigsten Informationen zur Verf\u00fcgung stellen. Seit \u00fcber 26 Jahren steht unsere Physiotherapiepraxis im Herzen von Halberstadt f\u00fcr Kompetenz, Kontinuit\u00e4t und pers\u00f6nliche Betreuung. Gegr\u00fcndet und \u00fcber viele Jahre erfolgreich gef\u00fchrt von Volker Strohmeyer, hat sich die Praxis einen sehr guten&#8230;<\/p>\n","protected":false},"author":1,"featured_media":0,"parent":0,"menu_order":0,"comment_status":"closed","ping_status":"closed","template":"","meta":{"_kad_post_transparent":"","_kad_post_title":"","_kad_post_layout":"","_kad_post_sidebar_id":"","_kad_post_content_style":"","_kad_post_vertical_padding":"","_kad_post_feature":"","_kad_post_feature_position":"","_kad_post_header":false,"_kad_post_footer":false,"_kad_post_classname":"","footnotes":""},"class_list":["post-7","page","type-page","status-publish","hentry"],"_links":{"self":[{"href":"https:\/\/physio-lohf.de\/index.php?rest_route=\/wp\/v2\/pages\/7","targetHints":{"allow":["GET"]}}],"collection":[{"href":"https:\/\/physio-lohf.de\/index.php?rest_route=\/wp\/v2\/pages"}],"about":[{"href":"https:\/\/physio-lohf.de\/index.php?rest_route=\/wp\/v2\/types\/page"}],"author":[{"embeddable":true,"href":"https:\/\/physio-lohf.de\/index.php?rest_route=\/wp\/v2\/users\/1"}],"replies":[{"embeddable":true,"href":"https:\/\/physio-lohf.de\/index.php?rest_route=%2Fwp%2Fv2%2Fcomments&post=7"}],"version-history":[{"count":14,"href":"https:\/\/physio-lohf.de\/index.php?rest_route=\/wp\/v2\/pages\/7\/revisions"}],"predecessor-version":[{"id":82,"href":"https:\/\/physio-lohf.de\/index.php?rest_route=\/wp\/v2\/pages\/7\/revisions\/82"}],"wp:attachment":[{"href":"https:\/\/physio-lohf.de\/index.php?rest_route=%2Fwp%2Fv2%2Fmedia&parent=7"}],"curies":[{"name":"wp","href":"https:\/\/api.w.org\/{rel}","templated":true}]}}