{"id":47,"date":"2026-01-07T09:11:09","date_gmt":"2026-01-07T08:11:09","guid":{"rendered":"https:\/\/physio-lohf.de\/?page_id=47"},"modified":"2026-01-07T10:30:54","modified_gmt":"2026-01-07T09:30:54","slug":"datenschutz","status":"publish","type":"page","link":"https:\/\/physio-lohf.de\/?page_id=47","title":{"rendered":"Datenschutz"},"content":{"rendered":"\n<h4 class=\"wp-block-heading\"><strong>Wer wir sind<\/strong><\/h4>\n\n\n\n<p>Die Adresse unserer Website lautet: <a href=\"https:\/\/physio-lohf.de\">https:\/\/physio-lohf.de<\/a>.<\/p>\n\n\n\n<h4 class=\"wp-block-heading\"><strong>Kommentare<\/strong><\/h4>\n\n\n\n<p>Wenn Besucher Kommentare auf der Website schreiben, sammeln wir die Daten, die im Kommentarformular angezeigt werden, sowie die IP-Adresse des Besuchers und den User-Agent-String (zur Identifikation des Browsers), um die Erkennung von Spam zu unterst\u00fctzen.<\/p>\n\n\n\n<p>Aus Ihrer E-Mail-Adresse kann eine anonymisierte Zeichenfolge (auch \u201eHash\u201c genannt) erstellt und an den Gravatar-Dienst \u00fcbergeben werden, um zu pr\u00fcfen, ob Sie diesen nutzen. Die Datenschutzerkl\u00e4rung des Gravatar-Dienstes finden Sie hier: <a href=\"https:\/\/automattic.com\/privacy\/\">https:\/\/automattic.com\/privacy\/<\/a>.<br>Nach der Freigabe Ihres Kommentars ist Ihr Profilbild \u00f6ffentlich im Kontext Ihres Kommentars sichtbar.<\/p>\n\n\n\n<h4 class=\"wp-block-heading\"><strong>Cookies<\/strong><\/h4>\n\n\n\n<p>Wenn Sie einen Kommentar auf unserer Website schreiben, kann dies als Einwilligung gewertet werden, Ihren Namen, Ihre E-Mail-Adresse und Ihre Website in Cookies zu speichern. Dies dient Ihrer Bequemlichkeit, damit Sie diese Daten nicht bei jedem weiteren Kommentar erneut eingeben m\u00fcssen. Diese Cookies werden ein Jahr lang gespeichert.<\/p>\n\n\n\n<p>Falls Sie ein Benutzerkonto besitzen und sich auf dieser Website anmelden, setzen wir ein tempor\u00e4res Cookie, um zu pr\u00fcfen, ob Ihr Browser Cookies akzeptiert. Dieses Cookie enth\u00e4lt keine personenbezogenen Daten und wird gel\u00f6scht, sobald Sie Ihren Browser schlie\u00dfen.<\/p>\n\n\n\n<p>Bei der Anmeldung richten wir einige Cookies ein, um Ihre Anmeldeinformationen und Anzeigeeinstellungen zu speichern. Anmelde-Cookies verfallen nach zwei Tagen, Cookies f\u00fcr Anzeigeoptionen nach einem Jahr. Wenn Sie bei der Anmeldung die Option <em>\u201eAngemeldet bleiben\u201c<\/em> ausw\u00e4hlen, bleibt Ihre Anmeldung zwei Wochen lang bestehen. Bei der Abmeldung werden die Anmelde-Cookies gel\u00f6scht.<\/p>\n\n\n\n<p>Wenn Sie einen Artikel bearbeiten oder ver\u00f6ffentlichen, wird ein zus\u00e4tzlicher Cookie in Ihrem Browser gespeichert. Dieser Cookie enth\u00e4lt keine personenbezogenen Daten und verweist lediglich auf die Beitrags-ID des bearbeiteten Artikels. Er verf\u00e4llt nach einem Tag.<\/p>\n\n\n\n<p>Die Speicherung Ihrer Kommentardaten in Cookies k\u00f6nnen Sie verhindern, indem Sie die Cookie-Funktion in Ihrem Browser deaktivieren. In diesem Fall m\u00fcssen Sie Ihre Daten bei jedem neuen Kommentar erneut eingeben.<\/p>\n\n\n\n<h4 class=\"wp-block-heading\"><strong>Sicherheit Ihrer Daten<\/strong><\/h4>\n\n\n\n<p>Diese Website nutzt eine <strong>SSL-Verschl\u00fcsselung<\/strong>, um die \u00dcbertragung Ihrer Daten zu sch\u00fctzen. Zudem treffen wir technische und organisatorische Ma\u00dfnahmen (z. B. Zugriffsbeschr\u00e4nkungen, regelm\u00e4\u00dfige Backups), um Ihre Daten vor Verlust oder Missbrauch zu sch\u00fctzen.<\/p>\n\n\n\n<h4 class=\"wp-block-heading\"><strong>Hosting<\/strong><\/h4>\n\n\n\n<p>Diese Website wird bei Dogado gehostet. Die Server stehen in Deutschland und unterliegen damit den europ\u00e4ischen Datenschutzbestimmungen.<\/p>\n\n\n\n<h4 class=\"wp-block-heading\"><strong>Eingebettete Inhalte von anderen Websites<\/strong><\/h4>\n\n\n\n<p>Beitr\u00e4ge auf dieser Website k\u00f6nnen eingebettete Inhalte (z. B. Videos, Bilder, Artikel etc.) enthalten. Eingebettete Inhalte von anderen Websites verhalten sich so, als h\u00e4tten Sie die jeweilige Website direkt besucht.<\/p>\n\n\n\n<p>Diese Websites k\u00f6nnen Daten \u00fcber Sie sammeln, Cookies verwenden, Tracking-Dienste von Dritten einbinden und Ihre Interaktion mit dem eingebetteten Inhalt aufzeichnen \u2013 einschlie\u00dflich Ihrer Interaktion, falls Sie auf der jeweiligen Website angemeldet sind.<\/p>\n\n\n\n<h4 class=\"wp-block-heading\"><strong>Mit wem wir Ihre Daten teilen<\/strong><\/h4>\n\n\n\n<p>Wenn Sie eine Passwort-Zur\u00fccksetzung anfordern, wird Ihre IP-Adresse in der E-Mail zur Zur\u00fccksetzung enthalten sein.<\/p>\n\n\n\n<h4 class=\"wp-block-heading\"><strong>Wie lange wir Ihre Daten speichern<\/strong><\/h4>\n\n\n\n<p>Wenn Sie einen Kommentar schreiben, wird dieser inklusive der zugeh\u00f6rigen Metadaten zeitlich unbegrenzt gespeichert. Dadurch k\u00f6nnen wir Folgekommentare automatisch erkennen und freigeben, ohne sie in einer Moderationswarteschlange zu belassen.<\/p>\n\n\n\n<p>F\u00fcr Nutzer, die sich auf unserer Website registrieren, speichern wir zus\u00e4tzlich die pers\u00f6nlichen Informationen, die sie in ihren Benutzerprofilen angeben. Alle Nutzer k\u00f6nnen ihre pers\u00f6nlichen Daten jederzeit einsehen, bearbeiten oder l\u00f6schen (der Benutzername kann nicht ge\u00e4ndert werden). Website-Administratoren haben ebenfalls Zugriff auf diese Informationen und k\u00f6nnen sie bei Bedarf bearbeiten.<\/p>\n\n\n\n<h4 class=\"wp-block-heading\"><strong>Welche Rechte Sie an Ihren Daten haben<\/strong><\/h4>\n\n\n\n<p>Sie haben das Recht auf:<\/p>\n\n\n\n<ul class=\"wp-block-list\">\n<li>Auskunft \u00fcber Ihre Daten (Art. 15 DSGVO),<\/li>\n\n\n\n<li>Berichtigung oder L\u00f6schung (Art. 16, 17 DSGVO),<\/li>\n\n\n\n<li>Widerruf Ihrer Einwilligung (mit Wirkung f\u00fcr die Zukunft),<\/li>\n\n\n\n<li>Beschwerde bei einer Aufsichtsbeh\u00f6rde<br>Sie haben das Recht, sich bei einer Aufsichtsbeh\u00f6rde f\u00fcr Datenschutz zu beschweren. <br>Die f\u00fcr uns zust\u00e4ndige Beh\u00f6rde ist: <br>Der Landesbeauftragte f\u00fcr Datenschutz Sachsen-Anhalt <br>Otto-von-Guericke-Stra\u00dfe 34a, 39104 Magdeburg<br><a href=\"https:\/\/datenschutz.sachsen-anhalt.de\/landesbeauftragte\/kontakt\">Link zum Datenschutz Sachsen Anhalt<\/a><\/li>\n<\/ul>\n\n\n\n<p>Falls Sie ein Konto auf dieser Website besitzen oder Kommentare hinterlassen haben, k\u00f6nnen Sie einen Export Ihrer bei uns gespeicherten personenbezogenen Daten anfordern, einschlie\u00dflich aller Daten, die Sie uns mitgeteilt haben. Zudem k\u00f6nnen Sie die L\u00f6schung aller personenbezogenen Daten verlangen, die wir von Ihnen gespeichert haben \u2013 sofern wir diese nicht aus administrativen, rechtlichen oder sicherheitsrelevanten Gr\u00fcnden weiter aufbewahren m\u00fcssen.<\/p>\n\n\n\n<h4 class=\"wp-block-heading\"><strong>Wohin Ihre Daten gesendet werden<\/strong><\/h4>\n\n\n\n<p>Besucher-Kommentare k\u00f6nnten von einem automatisierten Dienst zur Spam-Erkennung \u00fcberpr\u00fcft werden.<\/p>\n\n\n\n<h4 class=\"wp-block-heading\">Verantwortliche Stelle<\/h4>\n\n\n\n<p>Verantwortlich f\u00fcr die Datenverarbeitung auf dieser Website ist:<br>Kerstin Lohf<br>Physiotherapie Kerstin Lohf<br>Heinrich-Julius-Str. 16<br>38820 Halberstadt<br>info@physio-lohf.de<\/p>\n\n\n\n<h4 class=\"wp-block-heading\"><strong>Verarbeitung von Gesundheitsdaten<\/strong><\/h4>\n\n\n\n<p>Im Rahmen der physiotherapeutischen Behandlung erheben und verarbeiten wir Gesundheitsdaten (z. B. Anamnese, Diagnosen, Behandlungsberichte). Rechtsgrundlage hierf\u00fcr ist Art. 9 Abs. 2 lit. h DSGVO (Berufsgeheimnis und Gesundheitsvorsorge) sowie Ihre Einwilligung (Art. 9 Abs. 2 lit. a DSGVO). Diese Daten werden <strong>streng vertraulich<\/strong> behandelt und nur an Dritte weitergegeben, soweit dies gesetzlich vorgeschrieben ist (z. B. Abrechnung mit Krankenkassen) oder Sie ausdr\u00fccklich zugestimmt haben. <br><strong>Speicherdauer:<\/strong> Gesundheitsdaten werden gem\u00e4\u00df berufsrechtlicher und steuerlicher Vorschriften (z. B. 10 Jahre nach \u00a7 147 AO) aufbewahrt.<\/p>\n\n\n\n<p><\/p>\n\n\n\n<p><\/p>\n\n\n\n<p><\/p>\n","protected":false},"excerpt":{"rendered":"<p>Wer wir sind Die Adresse unserer Website lautet: https:\/\/physio-lohf.de. Kommentare Wenn Besucher Kommentare auf der Website schreiben, sammeln wir die Daten, die im Kommentarformular angezeigt werden, sowie die IP-Adresse des Besuchers und den User-Agent-String (zur Identifikation des Browsers), um die Erkennung von Spam zu unterst\u00fctzen. Aus Ihrer E-Mail-Adresse kann eine anonymisierte Zeichenfolge (auch \u201eHash\u201c genannt)&#8230;<\/p>\n","protected":false},"author":1,"featured_media":0,"parent":0,"menu_order":0,"comment_status":"closed","ping_status":"closed","template":"","meta":{"_kad_post_transparent":"","_kad_post_title":"","_kad_post_layout":"","_kad_post_sidebar_id":"","_kad_post_content_style":"","_kad_post_vertical_padding":"","_kad_post_feature":"","_kad_post_feature_position":"","_kad_post_header":false,"_kad_post_footer":false,"_kad_post_classname":"","footnotes":""},"class_list":["post-47","page","type-page","status-publish","hentry"],"_links":{"self":[{"href":"https:\/\/physio-lohf.de\/index.php?rest_route=\/wp\/v2\/pages\/47","targetHints":{"allow":["GET"]}}],"collection":[{"href":"https:\/\/physio-lohf.de\/index.php?rest_route=\/wp\/v2\/pages"}],"about":[{"href":"https:\/\/physio-lohf.de\/index.php?rest_route=\/wp\/v2\/types\/page"}],"author":[{"embeddable":true,"href":"https:\/\/physio-lohf.de\/index.php?rest_route=\/wp\/v2\/users\/1"}],"replies":[{"embeddable":true,"href":"https:\/\/physio-lohf.de\/index.php?rest_route=%2Fwp%2Fv2%2Fcomments&post=47"}],"version-history":[{"count":10,"href":"https:\/\/physio-lohf.de\/index.php?rest_route=\/wp\/v2\/pages\/47\/revisions"}],"predecessor-version":[{"id":70,"href":"https:\/\/physio-lohf.de\/index.php?rest_route=\/wp\/v2\/pages\/47\/revisions\/70"}],"wp:attachment":[{"href":"https:\/\/physio-lohf.de\/index.php?rest_route=%2Fwp%2Fv2%2Fmedia&parent=47"}],"curies":[{"name":"wp","href":"https:\/\/api.w.org\/{rel}","templated":true}]}}